{"id":3053,"date":"2018-10-11T15:00:20","date_gmt":"2018-10-11T12:00:20","guid":{"rendered":"http:\/\/www.endutherm.com\/demo\/?page_id=3053"},"modified":"2020-08-19T15:35:16","modified_gmt":"2020-08-19T12:35:16","slug":"iletisim","status":"publish","type":"page","link":"https:\/\/www.endutherm.com\/demo\/iletisim\/","title":{"rendered":"\u0130LET\u0130\u015e\u0130M"},"content":{"rendered":"","protected":false},"excerpt":{"rendered":"","protected":false},"author":1,"featured_media":0,"parent":0,"menu_order":8,"comment_status":"closed","ping_status":"closed","template":"","meta":[],"_links":{"self":[{"href":"https:\/\/www.endutherm.com\/demo\/wp-json\/wp\/v2\/pages\/3053"}],"collection":[{"href":"https:\/\/www.endutherm.com\/demo\/wp-json\/wp\/v2\/pages"}],"about":[{"href":"https:\/\/www.endutherm.com\/demo\/wp-json\/wp\/v2\/types\/page"}],"author":[{"embeddable":true,"href":"https:\/\/www.endutherm.com\/demo\/wp-json\/wp\/v2\/users\/1"}],"replies":[{"embeddable":true,"href":"https:\/\/www.endutherm.com\/demo\/wp-json\/wp\/v2\/comments?post=3053"}],"version-history":[{"count":1,"href":"https:\/\/www.endutherm.com\/demo\/wp-json\/wp\/v2\/pages\/3053\/revisions"}],"predecessor-version":[{"id":3054,"href":"https:\/\/www.endutherm.com\/demo\/wp-json\/wp\/v2\/pages\/3053\/revisions\/3054"}],"wp:attachment":[{"href":"https:\/\/www.endutherm.com\/demo\/wp-json\/wp\/v2\/media?parent=3053"}],"curies":[{"name":"wp","href":"https:\/\/api.w.org\/{rel}","templated":true}]}}